{"id":4634,"date":"2018-10-12T17:08:38","date_gmt":"2018-10-12T15:08:38","guid":{"rendered":"https:\/\/www.home-horeca.cz\/shop\/?post_type=product&#038;p=4634"},"modified":"2021-06-30T15:13:53","modified_gmt":"2021-06-30T13:13:53","slug":"missa","status":"publish","type":"product","link":"https:\/\/www.home-horeca.cz\/shop\/produkt\/missa\/","title":{"rendered":"Missa"},"content":{"rendered":"","protected":false},"excerpt":{"rendered":"<table>\n<thead>\n<tr>\n<th><\/th>\n<th><img src=\"https:\/\/www.sandalyeci.com\/measurement\/1-0_1.png\" alt=\"\" \/><\/th>\n<th><img src=\"https:\/\/www.sandalyeci.com\/measurement\/1-0_2.png\" alt=\"\" \/><\/th>\n<th><img src=\"https:\/\/www.sandalyeci.com\/measurement\/1-0_3.png\" alt=\"\" \/><\/th>\n<th><img src=\"https:\/\/www.sandalyeci.com\/measurement\/1-0_4.png\" alt=\"\" \/><\/th>\n<th><img src=\"https:\/\/www.sandalyeci.com\/images\/background\/ox.png\" alt=\"\" \/><\/th>\n<\/tr>\n<\/thead>\n<tbody>\n<tr>\n<td>cm<\/td>\n<td>58<\/td>\n<td>67<\/td>\n<td>50<\/td>\n<td>96<\/td>\n<td>8.6 kg<\/td>\n<\/tr>\n<\/tbody>\n<\/table>\n","protected":false},"featured_media":4635,"template":"","meta":[],"yoast_head":"<!-- This site is optimized with the Yoast SEO plugin v19.11 - https:\/\/yoast.com\/wordpress\/plugins\/seo\/ -->\n<title>Missa - Home&amp;Horeca - elektronick\u00fd obchod s postel\u00ed a textilem<\/title>\n<meta name=\"robots\" content=\"index, follow, max-snippet:-1, max-image-preview:large, max-video-preview:-1\" \/>\n<link rel=\"canonical\" href=\"https:\/\/www.home-horeca.cz\/shop\/produkt\/missa\/\" \/>\n<meta property=\"og:locale\" content=\"cs_CZ\" \/>\n<meta property=\"og:type\" content=\"article\" \/>\n<meta property=\"og:title\" content=\"Missa - Home&amp;Horeca - elektronick\u00fd obchod s postel\u00ed a textilem\" \/>\n<meta property=\"og:description\" content=\"cm 58 67 50 96 8.6 kg\" \/>\n<meta property=\"og:url\" content=\"https:\/\/www.home-horeca.cz\/shop\/produkt\/missa\/\" \/>\n<meta property=\"og:site_name\" content=\"Home&amp;Horeca - elektronick\u00fd obchod s postel\u00ed a textilem\" \/>\n<meta property=\"article:modified_time\" content=\"2021-06-30T13:13:53+00:00\" \/>\n<meta property=\"og:image\" content=\"https:\/\/www.home-horeca.cz\/shop\/wp-content\/uploads\/2018\/10\/1-24.jpg\" \/>\n\t<meta property=\"og:image:width\" content=\"1000\" \/>\n\t<meta property=\"og:image:height\" content=\"1000\" \/>\n\t<meta property=\"og:image:type\" content=\"image\/jpeg\" \/>\n<meta name=\"twitter:card\" content=\"summary_large_image\" \/>\n<script type=\"application\/ld+json\" class=\"yoast-schema-graph\">{\"@context\":\"https:\/\/schema.org\",\"@graph\":[{\"@type\":\"WebPage\",\"@id\":\"https:\/\/www.home-horeca.cz\/shop\/produkt\/missa\/\",\"url\":\"https:\/\/www.home-horeca.cz\/shop\/produkt\/missa\/\",\"name\":\"Missa - Home&amp;Horeca - elektronick\u00fd obchod s postel\u00ed a textilem\",\"isPartOf\":{\"@id\":\"https:\/\/www.home-horeca.cz\/shop\/#website\"},\"datePublished\":\"2018-10-12T15:08:38+00:00\",\"dateModified\":\"2021-06-30T13:13:53+00:00\",\"breadcrumb\":{\"@id\":\"https:\/\/www.home-horeca.cz\/shop\/produkt\/missa\/#breadcrumb\"},\"inLanguage\":\"cs\",\"potentialAction\":[{\"@type\":\"ReadAction\",\"target\":[\"https:\/\/www.home-horeca.cz\/shop\/produkt\/missa\/\"]}]},{\"@type\":\"BreadcrumbList\",\"@id\":\"https:\/\/www.home-horeca.cz\/shop\/produkt\/missa\/#breadcrumb\",\"itemListElement\":[{\"@type\":\"ListItem\",\"position\":1,\"name\":\"Dom\u016f\",\"item\":\"https:\/\/www.home-horeca.cz\/shop\/\"},{\"@type\":\"ListItem\",\"position\":2,\"name\":\"Obchod\",\"item\":\"https:\/\/www.home-horeca.cz\/shop\/obchod\/\"},{\"@type\":\"ListItem\",\"position\":3,\"name\":\"Missa\"}]},{\"@type\":\"WebSite\",\"@id\":\"https:\/\/www.home-horeca.cz\/shop\/#website\",\"url\":\"https:\/\/www.home-horeca.cz\/shop\/\",\"name\":\"Home&amp;Horeca - elektronick\u00fd obchod s postel\u00ed a textilem\",\"description\":\"H&amp;H nab\u00edz\u00ed sv\u00fdm klient\u016fm v\u00edce ne\u017e 13 let zku\u0161enost\u00ed ve sv\u011bt\u011b kvalitn\u00edch postel\u00ed, matrac\u00ed i l\u016f\u017ekovin. Aktivn\u011b se \u00fa\u010dastn\u00ed mezin\u00e1rodn\u00edch projekt\u016f, pracuje bez zprost\u0159edkovatel\u016f, a p\u0159edev\u0161\u00edm dr\u017e\u00ed krok s nejnov\u011bj\u0161\u00edm v\u00fdvojem v oblasti v\u00fdroby, technologie a designu. Vstupte s n\u00e1mi do sv\u011bta funk\u010dn\u00edch a kvalitn\u00edch interi\u00e9r\u016f!\",\"potentialAction\":[{\"@type\":\"SearchAction\",\"target\":{\"@type\":\"EntryPoint\",\"urlTemplate\":\"https:\/\/www.home-horeca.cz\/shop\/?s={search_term_string}\"},\"query-input\":\"required name=search_term_string\"}],\"inLanguage\":\"cs\"}]}<\/script>\n<!-- \/ Yoast SEO plugin. -->","yoast_head_json":{"title":"Missa - Home&amp;Horeca - elektronick\u00fd obchod s postel\u00ed a textilem","robots":{"index":"index","follow":"follow","max-snippet":"max-snippet:-1","max-image-preview":"max-image-preview:large","max-video-preview":"max-video-preview:-1"},"canonical":"https:\/\/www.home-horeca.cz\/shop\/produkt\/missa\/","og_locale":"cs_CZ","og_type":"article","og_title":"Missa - Home&amp;Horeca - elektronick\u00fd obchod s postel\u00ed a textilem","og_description":"cm 58 67 50 96 8.6 kg","og_url":"https:\/\/www.home-horeca.cz\/shop\/produkt\/missa\/","og_site_name":"Home&amp;Horeca - elektronick\u00fd obchod s postel\u00ed a textilem","article_modified_time":"2021-06-30T13:13:53+00:00","og_image":[{"width":1000,"height":1000,"url":"https:\/\/www.home-horeca.cz\/shop\/wp-content\/uploads\/2018\/10\/1-24.jpg","type":"image\/jpeg"}],"twitter_card":"summary_large_image","schema":{"@context":"https:\/\/schema.org","@graph":[{"@type":"WebPage","@id":"https:\/\/www.home-horeca.cz\/shop\/produkt\/missa\/","url":"https:\/\/www.home-horeca.cz\/shop\/produkt\/missa\/","name":"Missa - Home&amp;Horeca - elektronick\u00fd obchod s postel\u00ed a textilem","isPartOf":{"@id":"https:\/\/www.home-horeca.cz\/shop\/#website"},"datePublished":"2018-10-12T15:08:38+00:00","dateModified":"2021-06-30T13:13:53+00:00","breadcrumb":{"@id":"https:\/\/www.home-horeca.cz\/shop\/produkt\/missa\/#breadcrumb"},"inLanguage":"cs","potentialAction":[{"@type":"ReadAction","target":["https:\/\/www.home-horeca.cz\/shop\/produkt\/missa\/"]}]},{"@type":"BreadcrumbList","@id":"https:\/\/www.home-horeca.cz\/shop\/produkt\/missa\/#breadcrumb","itemListElement":[{"@type":"ListItem","position":1,"name":"Dom\u016f","item":"https:\/\/www.home-horeca.cz\/shop\/"},{"@type":"ListItem","position":2,"name":"Obchod","item":"https:\/\/www.home-horeca.cz\/shop\/obchod\/"},{"@type":"ListItem","position":3,"name":"Missa"}]},{"@type":"WebSite","@id":"https:\/\/www.home-horeca.cz\/shop\/#website","url":"https:\/\/www.home-horeca.cz\/shop\/","name":"Home&amp;Horeca - elektronick\u00fd obchod s postel\u00ed a textilem","description":"H&amp;H nab\u00edz\u00ed sv\u00fdm klient\u016fm v\u00edce ne\u017e 13 let zku\u0161enost\u00ed ve sv\u011bt\u011b kvalitn\u00edch postel\u00ed, matrac\u00ed i l\u016f\u017ekovin. Aktivn\u011b se \u00fa\u010dastn\u00ed mezin\u00e1rodn\u00edch projekt\u016f, pracuje bez zprost\u0159edkovatel\u016f, a p\u0159edev\u0161\u00edm dr\u017e\u00ed krok s nejnov\u011bj\u0161\u00edm v\u00fdvojem v oblasti v\u00fdroby, technologie a designu. Vstupte s n\u00e1mi do sv\u011bta funk\u010dn\u00edch a kvalitn\u00edch interi\u00e9r\u016f!","potentialAction":[{"@type":"SearchAction","target":{"@type":"EntryPoint","urlTemplate":"https:\/\/www.home-horeca.cz\/shop\/?s={search_term_string}"},"query-input":"required name=search_term_string"}],"inLanguage":"cs"}]}},"_links":{"self":[{"href":"https:\/\/www.home-horeca.cz\/shop\/wp-json\/wp\/v2\/product\/4634"}],"collection":[{"href":"https:\/\/www.home-horeca.cz\/shop\/wp-json\/wp\/v2\/product"}],"about":[{"href":"https:\/\/www.home-horeca.cz\/shop\/wp-json\/wp\/v2\/types\/product"}],"wp:featuredmedia":[{"embeddable":true,"href":"https:\/\/www.home-horeca.cz\/shop\/wp-json\/wp\/v2\/media\/4635"}],"wp:attachment":[{"href":"https:\/\/www.home-horeca.cz\/shop\/wp-json\/wp\/v2\/media?parent=4634"}],"curies":[{"name":"wp","href":"https:\/\/api.w.org\/{rel}","templated":true}]}}