{"id":4338,"date":"2018-03-15T01:16:11","date_gmt":"2018-03-14T23:16:11","guid":{"rendered":"https:\/\/www.home-horeca.cz\/shop\/?post_type=product&#038;p=4338"},"modified":"2023-01-10T19:01:57","modified_gmt":"2023-01-10T17:01:57","slug":"osuska-xxl","status":"publish","type":"product","link":"https:\/\/www.home-horeca.cz\/shop\/produkt\/osuska-xxl\/","title":{"rendered":"Bavln\u011bn\u00e1 osu\u0161ka 90&#215;150 cm"},"content":{"rendered":"<p>Osu\u0161ka <a href=\"http:\/\/meridyentekstil.com\/\" target=\"_blank\" rel=\"noopener noreferrer\">Meridyen<\/a> je vyr\u00e1b\u011bna z trvale udr\u017eiteln\u00e9 bavlny. Je m\u011bkk\u00e1 a vysoce absorp\u010dn\u00ed. Dlouh\u00e1, jemn\u00e1 vl\u00e1kna \u010desan\u00e9 mikrobavlny dod\u00e1vaj\u00ed ru\u010dn\u00edku jemnost a odolnost.<\/p>\n<p>Osu\u0161ka dosahuje maxim\u00e1ln\u00ed absorp\u010dn\u00ed schopnosti ji\u017e po prvn\u00edm vypr\u00e1n\u00ed. Bavln\u011bn\u00e1 osu\u0161ka je v nab\u00eddce v n\u011bkolika rozm\u011brech a b\u00edl\u00e9 barv\u011b. Mikrobavlna je speci\u00e1ln\u00ed typ m\u00e1lo zakroucen\u00e9 bavln\u011bn\u00e9 p\u0159\u00edze, smy\u010dky ru\u010dn\u00edku jsou m\u011bk\u010d\u00ed, p\u0159\u00edjemn\u011bj\u0161\u00ed a maj\u00ed vy\u0161\u0161\u00ed savost ne\u017e obvykl\u00e9 frot\u00e9 v\u00fdrobky.<\/p>\n","protected":false},"excerpt":{"rendered":"<p>Osu\u0161ka <a href=\"http:\/\/meridyentekstil.com\/\" target=\"_blank\" rel=\"noopener noreferrer\">Meridyen<\/a> je vyr\u00e1b\u011bna z trvale udr\u017eiteln\u00e9 bavlny. Je m\u011bkk\u00e1 a vysoce absorp\u010dn\u00ed. Dlouh\u00e1, jemn\u00e1 vl\u00e1kna \u010desan\u00e9 mikrobavlny dod\u00e1vaj\u00ed ru\u010dn\u00edku jemnost a odolnost.<\/p>\n<p><strong>Minim\u00e1ln\u00ed odb\u011br 2 ks<\/strong><\/p>\n","protected":false},"featured_media":10607,"template":"","meta":[],"yoast_head":"<!-- This site is optimized with the Yoast SEO plugin v19.11 - https:\/\/yoast.com\/wordpress\/plugins\/seo\/ -->\n<title>Osu\u0161ka XXL kvalitn\u00ed - 100% skladov\u00e1 dostupnost zbo\u017e\u00ed - Home&amp;Horeca<\/title>\n<meta name=\"description\" content=\"Osu\u0161ka je vyr\u00e1b\u011bna z trvale udr\u017eiteln\u00e9 bavlny. Je m\u011bkk\u00e1 a vysoce absorp\u010dn\u00ed. Dlouh\u00e1, jemn\u00e1 vl\u00e1kna \u010desan\u00e9 mikrobavlny dod\u00e1vaj\u00ed osu\u0161ce jemnost a odolnost. Osu\u0161ka dosahuje maxim\u00e1ln\u00ed absorp\u010dn\u00ed schopnosti ji\u017e po prvn\u00edm vypr\u00e1n\u00ed. Osu\u0161ka je v nab\u00eddce v n\u011bkolika rozm\u011brech a b\u00edl\u00e9 barv\u011b.\" \/>\n<meta name=\"robots\" content=\"index, follow, max-snippet:-1, max-image-preview:large, max-video-preview:-1\" \/>\n<link rel=\"canonical\" href=\"https:\/\/www.home-horeca.cz\/shop\/produkt\/osuska-xxl\/\" \/>\n<meta property=\"og:locale\" content=\"cs_CZ\" \/>\n<meta property=\"og:type\" content=\"article\" \/>\n<meta property=\"og:title\" content=\"Osu\u0161ka XXL kvalitn\u00ed - 100% skladov\u00e1 dostupnost zbo\u017e\u00ed - Home&amp;Horeca\" \/>\n<meta property=\"og:description\" content=\"Osu\u0161ka je vyr\u00e1b\u011bna z trvale udr\u017eiteln\u00e9 bavlny. Je m\u011bkk\u00e1 a vysoce absorp\u010dn\u00ed. Dlouh\u00e1, jemn\u00e1 vl\u00e1kna \u010desan\u00e9 mikrobavlny dod\u00e1vaj\u00ed osu\u0161ce jemnost a odolnost. Osu\u0161ka dosahuje maxim\u00e1ln\u00ed absorp\u010dn\u00ed schopnosti ji\u017e po prvn\u00edm vypr\u00e1n\u00ed. Osu\u0161ka je v nab\u00eddce v n\u011bkolika rozm\u011brech a b\u00edl\u00e9 barv\u011b.\" \/>\n<meta property=\"og:url\" content=\"https:\/\/www.home-horeca.cz\/shop\/produkt\/osuska-xxl\/\" \/>\n<meta property=\"og:site_name\" content=\"Home&amp;Horeca - elektronick\u00fd obchod s postel\u00ed a textilem\" \/>\n<meta property=\"article:modified_time\" content=\"2023-01-10T17:01:57+00:00\" \/>\n<meta property=\"og:image\" content=\"https:\/\/www.home-horeca.cz\/shop\/wp-content\/uploads\/2018\/03\/ads-rucnik.jpg\" \/>\n\t<meta property=\"og:image:width\" content=\"800\" \/>\n\t<meta property=\"og:image:height\" content=\"800\" \/>\n\t<meta property=\"og:image:type\" content=\"image\/jpeg\" \/>\n<meta name=\"twitter:card\" content=\"summary_large_image\" \/>\n<meta name=\"twitter:label1\" content=\"Odhadovan\u00e1 doba \u010dten\u00ed\" \/>\n\t<meta name=\"twitter:data1\" content=\"1 minuta\" \/>\n<script type=\"application\/ld+json\" class=\"yoast-schema-graph\">{\"@context\":\"https:\/\/schema.org\",\"@graph\":[{\"@type\":\"WebPage\",\"@id\":\"https:\/\/www.home-horeca.cz\/shop\/produkt\/osuska-xxl\/\",\"url\":\"https:\/\/www.home-horeca.cz\/shop\/produkt\/osuska-xxl\/\",\"name\":\"Osu\u0161ka XXL kvalitn\u00ed - 100% skladov\u00e1 dostupnost zbo\u017e\u00ed - Home&Horeca\",\"isPartOf\":{\"@id\":\"https:\/\/www.home-horeca.cz\/shop\/#website\"},\"datePublished\":\"2018-03-14T23:16:11+00:00\",\"dateModified\":\"2023-01-10T17:01:57+00:00\",\"description\":\"Osu\u0161ka je vyr\u00e1b\u011bna z trvale udr\u017eiteln\u00e9 bavlny. Je m\u011bkk\u00e1 a vysoce absorp\u010dn\u00ed. Dlouh\u00e1, jemn\u00e1 vl\u00e1kna \u010desan\u00e9 mikrobavlny dod\u00e1vaj\u00ed osu\u0161ce jemnost a odolnost. Osu\u0161ka dosahuje maxim\u00e1ln\u00ed absorp\u010dn\u00ed schopnosti ji\u017e po prvn\u00edm vypr\u00e1n\u00ed. Osu\u0161ka je v nab\u00eddce v n\u011bkolika rozm\u011brech a b\u00edl\u00e9 barv\u011b.\",\"breadcrumb\":{\"@id\":\"https:\/\/www.home-horeca.cz\/shop\/produkt\/osuska-xxl\/#breadcrumb\"},\"inLanguage\":\"cs\",\"potentialAction\":[{\"@type\":\"ReadAction\",\"target\":[\"https:\/\/www.home-horeca.cz\/shop\/produkt\/osuska-xxl\/\"]}]},{\"@type\":\"BreadcrumbList\",\"@id\":\"https:\/\/www.home-horeca.cz\/shop\/produkt\/osuska-xxl\/#breadcrumb\",\"itemListElement\":[{\"@type\":\"ListItem\",\"position\":1,\"name\":\"Dom\u016f\",\"item\":\"https:\/\/www.home-horeca.cz\/shop\/\"},{\"@type\":\"ListItem\",\"position\":2,\"name\":\"Obchod\",\"item\":\"https:\/\/www.home-horeca.cz\/shop\/obchod\/\"},{\"@type\":\"ListItem\",\"position\":3,\"name\":\"Bavln\u011bn\u00e1 osu\u0161ka 90&#215;150 cm\"}]},{\"@type\":\"WebSite\",\"@id\":\"https:\/\/www.home-horeca.cz\/shop\/#website\",\"url\":\"https:\/\/www.home-horeca.cz\/shop\/\",\"name\":\"Home&amp;Horeca - elektronick\u00fd obchod s postel\u00ed a textilem\",\"description\":\"H&amp;H nab\u00edz\u00ed sv\u00fdm klient\u016fm v\u00edce ne\u017e 13 let zku\u0161enost\u00ed ve sv\u011bt\u011b kvalitn\u00edch postel\u00ed, matrac\u00ed i l\u016f\u017ekovin. Aktivn\u011b se \u00fa\u010dastn\u00ed mezin\u00e1rodn\u00edch projekt\u016f, pracuje bez zprost\u0159edkovatel\u016f, a p\u0159edev\u0161\u00edm dr\u017e\u00ed krok s nejnov\u011bj\u0161\u00edm v\u00fdvojem v oblasti v\u00fdroby, technologie a designu. Vstupte s n\u00e1mi do sv\u011bta funk\u010dn\u00edch a kvalitn\u00edch interi\u00e9r\u016f!\",\"potentialAction\":[{\"@type\":\"SearchAction\",\"target\":{\"@type\":\"EntryPoint\",\"urlTemplate\":\"https:\/\/www.home-horeca.cz\/shop\/?s={search_term_string}\"},\"query-input\":\"required name=search_term_string\"}],\"inLanguage\":\"cs\"}]}<\/script>\n<!-- \/ Yoast SEO plugin. -->","yoast_head_json":{"title":"Osu\u0161ka XXL kvalitn\u00ed - 100% skladov\u00e1 dostupnost zbo\u017e\u00ed - Home&Horeca","description":"Osu\u0161ka je vyr\u00e1b\u011bna z trvale udr\u017eiteln\u00e9 bavlny. Je m\u011bkk\u00e1 a vysoce absorp\u010dn\u00ed. Dlouh\u00e1, jemn\u00e1 vl\u00e1kna \u010desan\u00e9 mikrobavlny dod\u00e1vaj\u00ed osu\u0161ce jemnost a odolnost. Osu\u0161ka dosahuje maxim\u00e1ln\u00ed absorp\u010dn\u00ed schopnosti ji\u017e po prvn\u00edm vypr\u00e1n\u00ed. Osu\u0161ka je v nab\u00eddce v n\u011bkolika rozm\u011brech a b\u00edl\u00e9 barv\u011b.","robots":{"index":"index","follow":"follow","max-snippet":"max-snippet:-1","max-image-preview":"max-image-preview:large","max-video-preview":"max-video-preview:-1"},"canonical":"https:\/\/www.home-horeca.cz\/shop\/produkt\/osuska-xxl\/","og_locale":"cs_CZ","og_type":"article","og_title":"Osu\u0161ka XXL kvalitn\u00ed - 100% skladov\u00e1 dostupnost zbo\u017e\u00ed - Home&Horeca","og_description":"Osu\u0161ka je vyr\u00e1b\u011bna z trvale udr\u017eiteln\u00e9 bavlny. Je m\u011bkk\u00e1 a vysoce absorp\u010dn\u00ed. Dlouh\u00e1, jemn\u00e1 vl\u00e1kna \u010desan\u00e9 mikrobavlny dod\u00e1vaj\u00ed osu\u0161ce jemnost a odolnost. Osu\u0161ka dosahuje maxim\u00e1ln\u00ed absorp\u010dn\u00ed schopnosti ji\u017e po prvn\u00edm vypr\u00e1n\u00ed. Osu\u0161ka je v nab\u00eddce v n\u011bkolika rozm\u011brech a b\u00edl\u00e9 barv\u011b.","og_url":"https:\/\/www.home-horeca.cz\/shop\/produkt\/osuska-xxl\/","og_site_name":"Home&amp;Horeca - elektronick\u00fd obchod s postel\u00ed a textilem","article_modified_time":"2023-01-10T17:01:57+00:00","og_image":[{"width":800,"height":800,"url":"https:\/\/www.home-horeca.cz\/shop\/wp-content\/uploads\/2018\/03\/ads-rucnik.jpg","type":"image\/jpeg"}],"twitter_card":"summary_large_image","twitter_misc":{"Odhadovan\u00e1 doba \u010dten\u00ed":"1 minuta"},"schema":{"@context":"https:\/\/schema.org","@graph":[{"@type":"WebPage","@id":"https:\/\/www.home-horeca.cz\/shop\/produkt\/osuska-xxl\/","url":"https:\/\/www.home-horeca.cz\/shop\/produkt\/osuska-xxl\/","name":"Osu\u0161ka XXL kvalitn\u00ed - 100% skladov\u00e1 dostupnost zbo\u017e\u00ed - Home&Horeca","isPartOf":{"@id":"https:\/\/www.home-horeca.cz\/shop\/#website"},"datePublished":"2018-03-14T23:16:11+00:00","dateModified":"2023-01-10T17:01:57+00:00","description":"Osu\u0161ka je vyr\u00e1b\u011bna z trvale udr\u017eiteln\u00e9 bavlny. Je m\u011bkk\u00e1 a vysoce absorp\u010dn\u00ed. Dlouh\u00e1, jemn\u00e1 vl\u00e1kna \u010desan\u00e9 mikrobavlny dod\u00e1vaj\u00ed osu\u0161ce jemnost a odolnost. Osu\u0161ka dosahuje maxim\u00e1ln\u00ed absorp\u010dn\u00ed schopnosti ji\u017e po prvn\u00edm vypr\u00e1n\u00ed. Osu\u0161ka je v nab\u00eddce v n\u011bkolika rozm\u011brech a b\u00edl\u00e9 barv\u011b.","breadcrumb":{"@id":"https:\/\/www.home-horeca.cz\/shop\/produkt\/osuska-xxl\/#breadcrumb"},"inLanguage":"cs","potentialAction":[{"@type":"ReadAction","target":["https:\/\/www.home-horeca.cz\/shop\/produkt\/osuska-xxl\/"]}]},{"@type":"BreadcrumbList","@id":"https:\/\/www.home-horeca.cz\/shop\/produkt\/osuska-xxl\/#breadcrumb","itemListElement":[{"@type":"ListItem","position":1,"name":"Dom\u016f","item":"https:\/\/www.home-horeca.cz\/shop\/"},{"@type":"ListItem","position":2,"name":"Obchod","item":"https:\/\/www.home-horeca.cz\/shop\/obchod\/"},{"@type":"ListItem","position":3,"name":"Bavln\u011bn\u00e1 osu\u0161ka 90&#215;150 cm"}]},{"@type":"WebSite","@id":"https:\/\/www.home-horeca.cz\/shop\/#website","url":"https:\/\/www.home-horeca.cz\/shop\/","name":"Home&amp;Horeca - elektronick\u00fd obchod s postel\u00ed a textilem","description":"H&amp;H nab\u00edz\u00ed sv\u00fdm klient\u016fm v\u00edce ne\u017e 13 let zku\u0161enost\u00ed ve sv\u011bt\u011b kvalitn\u00edch postel\u00ed, matrac\u00ed i l\u016f\u017ekovin. Aktivn\u011b se \u00fa\u010dastn\u00ed mezin\u00e1rodn\u00edch projekt\u016f, pracuje bez zprost\u0159edkovatel\u016f, a p\u0159edev\u0161\u00edm dr\u017e\u00ed krok s nejnov\u011bj\u0161\u00edm v\u00fdvojem v oblasti v\u00fdroby, technologie a designu. Vstupte s n\u00e1mi do sv\u011bta funk\u010dn\u00edch a kvalitn\u00edch interi\u00e9r\u016f!","potentialAction":[{"@type":"SearchAction","target":{"@type":"EntryPoint","urlTemplate":"https:\/\/www.home-horeca.cz\/shop\/?s={search_term_string}"},"query-input":"required name=search_term_string"}],"inLanguage":"cs"}]}},"_links":{"self":[{"href":"https:\/\/www.home-horeca.cz\/shop\/wp-json\/wp\/v2\/product\/4338"}],"collection":[{"href":"https:\/\/www.home-horeca.cz\/shop\/wp-json\/wp\/v2\/product"}],"about":[{"href":"https:\/\/www.home-horeca.cz\/shop\/wp-json\/wp\/v2\/types\/product"}],"wp:featuredmedia":[{"embeddable":true,"href":"https:\/\/www.home-horeca.cz\/shop\/wp-json\/wp\/v2\/media\/10607"}],"wp:attachment":[{"href":"https:\/\/www.home-horeca.cz\/shop\/wp-json\/wp\/v2\/media?parent=4338"}],"curies":[{"name":"wp","href":"https:\/\/api.w.org\/{rel}","templated":true}]}}