{"id":4326,"date":"2018-03-14T20:09:46","date_gmt":"2018-03-14T18:09:46","guid":{"rendered":"https:\/\/www.home-horeca.cz\/shop\/?post_type=product&#038;p=4326"},"modified":"2025-08-16T15:17:43","modified_gmt":"2025-08-16T13:17:43","slug":"koupelnova-predlozka-3","status":"publish","type":"product","link":"https:\/\/www.home-horeca.cz\/shop\/produkt\/koupelnova-predlozka-3\/","title":{"rendered":"Koupelnov\u00e1 p\u0159edlo\u017eka 50 x 70 cm, 714 g\/m2"},"content":{"rendered":"<p>Koupelnov\u00e1 p\u0159edlo\u017eka <a href=\"http:\/\/meridyentekstil.com\/\" target=\"_blank\" rel=\"noopener noreferrer\">Meridyen<\/a> je p\u0159\u00edjemn\u00e1, dob\u0159e saje a rychle schne. Dlouh\u00e1, jemn\u00e1 vl\u00e1kna \u010desan\u00e9 mikrobavlny dod\u00e1vaj\u00ed koupelnov\u00e9 p\u0159edlo\u017ece jemnost a odolnost. P\u0159edlo\u017eka je v nab\u00eddce v b\u00edl\u00e9 barv\u011b, velikosti 50cm x 70cm a s vysokou absorpc\u00ed 714 g\/m\u00b2.<\/p>\n","protected":false},"excerpt":{"rendered":"<p>Koupelnov\u00e1 p\u0159edlo\u017eka <a href=\"http:\/\/meridyentekstil.com\/\" target=\"_blank\" rel=\"noopener noreferrer\">Meridyen<\/a> je p\u0159\u00edjemn\u00e1, dob\u0159e saje a rychle schne. Dlouh\u00e1, jemn\u00e1 vl\u00e1kna \u010desan\u00e9 mikrobavlny dod\u00e1vaj\u00ed koupelnov\u00e9 p\u0159edlo\u017ece jemnost a odolnost. P\u0159edlo\u017eka je v nab\u00eddce v b\u00edl\u00e9 barv\u011b, velikosti <strong>50cm x 70cm<\/strong> a s vysokou absorpc\u00ed <strong>714 g\/m\u00b2<\/strong>.<\/p>\n<p><strong>Minim\u00e1ln\u00ed odb\u011br 2 ks<\/strong><\/p>\n","protected":false},"featured_media":4868,"template":"","meta":[],"yoast_head":"<!-- This site is optimized with the Yoast SEO plugin v19.11 - https:\/\/yoast.com\/wordpress\/plugins\/seo\/ -->\n<title>Koupelnov\u00e1 p\u0159edlo\u017eka - 100% skladov\u00e1 dostupnost zbo\u017e\u00ed - Home&amp;Horeca<\/title>\n<meta name=\"description\" content=\"Koupelnov\u00e1 p\u0159edlo\u017eka Meridyen je p\u0159\u00edjemn\u00e1, dob\u0159e saje a rychle schne. Dlouh\u00e1, jemn\u00e1 vl\u00e1kna \u010desan\u00e9 mikrobavlny dod\u00e1vaj\u00ed koupelnov\u00e9 p\u0159edlo\u017ece jemnost a odolnost. P\u0159edlo\u017eka je v nab\u00eddce v b\u00edl\u00e9 barv\u011b a velikosti 50cm x 70cm.\" \/>\n<meta name=\"robots\" content=\"index, follow, max-snippet:-1, max-image-preview:large, max-video-preview:-1\" \/>\n<link rel=\"canonical\" href=\"https:\/\/www.home-horeca.cz\/shop\/produkt\/koupelnova-predlozka-3\/\" \/>\n<meta property=\"og:locale\" content=\"cs_CZ\" \/>\n<meta property=\"og:type\" content=\"article\" \/>\n<meta property=\"og:title\" content=\"Koupelnov\u00e1 p\u0159edlo\u017eka - 100% skladov\u00e1 dostupnost zbo\u017e\u00ed - Home&amp;Horeca\" \/>\n<meta property=\"og:description\" content=\"Koupelnov\u00e1 p\u0159edlo\u017eka Meridyen je p\u0159\u00edjemn\u00e1, dob\u0159e saje a rychle schne. Dlouh\u00e1, jemn\u00e1 vl\u00e1kna \u010desan\u00e9 mikrobavlny dod\u00e1vaj\u00ed koupelnov\u00e9 p\u0159edlo\u017ece jemnost a odolnost. P\u0159edlo\u017eka je v nab\u00eddce v b\u00edl\u00e9 barv\u011b a velikosti 50cm x 70cm.\" \/>\n<meta property=\"og:url\" content=\"https:\/\/www.home-horeca.cz\/shop\/produkt\/koupelnova-predlozka-3\/\" \/>\n<meta property=\"og:site_name\" content=\"Home&amp;Horeca - elektronick\u00fd obchod s postel\u00ed a textilem\" \/>\n<meta property=\"article:modified_time\" content=\"2025-08-16T13:17:43+00:00\" \/>\n<meta property=\"og:image\" content=\"https:\/\/www.home-horeca.cz\/shop\/wp-content\/uploads\/2018\/03\/Koupelnova\u0301-pr\u030cedloz\u030cka-1.jpg\" \/>\n\t<meta property=\"og:image:width\" content=\"1000\" \/>\n\t<meta property=\"og:image:height\" content=\"1000\" \/>\n\t<meta property=\"og:image:type\" content=\"image\/jpeg\" \/>\n<meta name=\"twitter:card\" content=\"summary_large_image\" \/>\n<script type=\"application\/ld+json\" class=\"yoast-schema-graph\">{\"@context\":\"https:\/\/schema.org\",\"@graph\":[{\"@type\":\"WebPage\",\"@id\":\"https:\/\/www.home-horeca.cz\/shop\/produkt\/koupelnova-predlozka-3\/\",\"url\":\"https:\/\/www.home-horeca.cz\/shop\/produkt\/koupelnova-predlozka-3\/\",\"name\":\"Koupelnov\u00e1 p\u0159edlo\u017eka - 100% skladov\u00e1 dostupnost zbo\u017e\u00ed - Home&Horeca\",\"isPartOf\":{\"@id\":\"https:\/\/www.home-horeca.cz\/shop\/#website\"},\"datePublished\":\"2018-03-14T18:09:46+00:00\",\"dateModified\":\"2025-08-16T13:17:43+00:00\",\"description\":\"Koupelnov\u00e1 p\u0159edlo\u017eka Meridyen je p\u0159\u00edjemn\u00e1, dob\u0159e saje a rychle schne. Dlouh\u00e1, jemn\u00e1 vl\u00e1kna \u010desan\u00e9 mikrobavlny dod\u00e1vaj\u00ed koupelnov\u00e9 p\u0159edlo\u017ece jemnost a odolnost. P\u0159edlo\u017eka je v nab\u00eddce v b\u00edl\u00e9 barv\u011b a velikosti 50cm x 70cm.\",\"breadcrumb\":{\"@id\":\"https:\/\/www.home-horeca.cz\/shop\/produkt\/koupelnova-predlozka-3\/#breadcrumb\"},\"inLanguage\":\"cs\",\"potentialAction\":[{\"@type\":\"ReadAction\",\"target\":[\"https:\/\/www.home-horeca.cz\/shop\/produkt\/koupelnova-predlozka-3\/\"]}]},{\"@type\":\"BreadcrumbList\",\"@id\":\"https:\/\/www.home-horeca.cz\/shop\/produkt\/koupelnova-predlozka-3\/#breadcrumb\",\"itemListElement\":[{\"@type\":\"ListItem\",\"position\":1,\"name\":\"Dom\u016f\",\"item\":\"https:\/\/www.home-horeca.cz\/shop\/\"},{\"@type\":\"ListItem\",\"position\":2,\"name\":\"Obchod\",\"item\":\"https:\/\/www.home-horeca.cz\/shop\/obchod\/\"},{\"@type\":\"ListItem\",\"position\":3,\"name\":\"Koupelnov\u00e1 p\u0159edlo\u017eka 50 x 70 cm, 714 g\/m2\"}]},{\"@type\":\"WebSite\",\"@id\":\"https:\/\/www.home-horeca.cz\/shop\/#website\",\"url\":\"https:\/\/www.home-horeca.cz\/shop\/\",\"name\":\"Home&amp;Horeca - elektronick\u00fd obchod s postel\u00ed a textilem\",\"description\":\"H&amp;H nab\u00edz\u00ed sv\u00fdm klient\u016fm v\u00edce ne\u017e 13 let zku\u0161enost\u00ed ve sv\u011bt\u011b kvalitn\u00edch postel\u00ed, matrac\u00ed i l\u016f\u017ekovin. Aktivn\u011b se \u00fa\u010dastn\u00ed mezin\u00e1rodn\u00edch projekt\u016f, pracuje bez zprost\u0159edkovatel\u016f, a p\u0159edev\u0161\u00edm dr\u017e\u00ed krok s nejnov\u011bj\u0161\u00edm v\u00fdvojem v oblasti v\u00fdroby, technologie a designu. Vstupte s n\u00e1mi do sv\u011bta funk\u010dn\u00edch a kvalitn\u00edch interi\u00e9r\u016f!\",\"potentialAction\":[{\"@type\":\"SearchAction\",\"target\":{\"@type\":\"EntryPoint\",\"urlTemplate\":\"https:\/\/www.home-horeca.cz\/shop\/?s={search_term_string}\"},\"query-input\":\"required name=search_term_string\"}],\"inLanguage\":\"cs\"}]}<\/script>\n<!-- \/ Yoast SEO plugin. -->","yoast_head_json":{"title":"Koupelnov\u00e1 p\u0159edlo\u017eka - 100% skladov\u00e1 dostupnost zbo\u017e\u00ed - Home&Horeca","description":"Koupelnov\u00e1 p\u0159edlo\u017eka Meridyen je p\u0159\u00edjemn\u00e1, dob\u0159e saje a rychle schne. Dlouh\u00e1, jemn\u00e1 vl\u00e1kna \u010desan\u00e9 mikrobavlny dod\u00e1vaj\u00ed koupelnov\u00e9 p\u0159edlo\u017ece jemnost a odolnost. P\u0159edlo\u017eka je v nab\u00eddce v b\u00edl\u00e9 barv\u011b a velikosti 50cm x 70cm.","robots":{"index":"index","follow":"follow","max-snippet":"max-snippet:-1","max-image-preview":"max-image-preview:large","max-video-preview":"max-video-preview:-1"},"canonical":"https:\/\/www.home-horeca.cz\/shop\/produkt\/koupelnova-predlozka-3\/","og_locale":"cs_CZ","og_type":"article","og_title":"Koupelnov\u00e1 p\u0159edlo\u017eka - 100% skladov\u00e1 dostupnost zbo\u017e\u00ed - Home&Horeca","og_description":"Koupelnov\u00e1 p\u0159edlo\u017eka Meridyen je p\u0159\u00edjemn\u00e1, dob\u0159e saje a rychle schne. Dlouh\u00e1, jemn\u00e1 vl\u00e1kna \u010desan\u00e9 mikrobavlny dod\u00e1vaj\u00ed koupelnov\u00e9 p\u0159edlo\u017ece jemnost a odolnost. P\u0159edlo\u017eka je v nab\u00eddce v b\u00edl\u00e9 barv\u011b a velikosti 50cm x 70cm.","og_url":"https:\/\/www.home-horeca.cz\/shop\/produkt\/koupelnova-predlozka-3\/","og_site_name":"Home&amp;Horeca - elektronick\u00fd obchod s postel\u00ed a textilem","article_modified_time":"2025-08-16T13:17:43+00:00","og_image":[{"width":1000,"height":1000,"url":"https:\/\/www.home-horeca.cz\/shop\/wp-content\/uploads\/2018\/03\/Koupelnova\u0301-pr\u030cedloz\u030cka-1.jpg","type":"image\/jpeg"}],"twitter_card":"summary_large_image","schema":{"@context":"https:\/\/schema.org","@graph":[{"@type":"WebPage","@id":"https:\/\/www.home-horeca.cz\/shop\/produkt\/koupelnova-predlozka-3\/","url":"https:\/\/www.home-horeca.cz\/shop\/produkt\/koupelnova-predlozka-3\/","name":"Koupelnov\u00e1 p\u0159edlo\u017eka - 100% skladov\u00e1 dostupnost zbo\u017e\u00ed - Home&Horeca","isPartOf":{"@id":"https:\/\/www.home-horeca.cz\/shop\/#website"},"datePublished":"2018-03-14T18:09:46+00:00","dateModified":"2025-08-16T13:17:43+00:00","description":"Koupelnov\u00e1 p\u0159edlo\u017eka Meridyen je p\u0159\u00edjemn\u00e1, dob\u0159e saje a rychle schne. Dlouh\u00e1, jemn\u00e1 vl\u00e1kna \u010desan\u00e9 mikrobavlny dod\u00e1vaj\u00ed koupelnov\u00e9 p\u0159edlo\u017ece jemnost a odolnost. P\u0159edlo\u017eka je v nab\u00eddce v b\u00edl\u00e9 barv\u011b a velikosti 50cm x 70cm.","breadcrumb":{"@id":"https:\/\/www.home-horeca.cz\/shop\/produkt\/koupelnova-predlozka-3\/#breadcrumb"},"inLanguage":"cs","potentialAction":[{"@type":"ReadAction","target":["https:\/\/www.home-horeca.cz\/shop\/produkt\/koupelnova-predlozka-3\/"]}]},{"@type":"BreadcrumbList","@id":"https:\/\/www.home-horeca.cz\/shop\/produkt\/koupelnova-predlozka-3\/#breadcrumb","itemListElement":[{"@type":"ListItem","position":1,"name":"Dom\u016f","item":"https:\/\/www.home-horeca.cz\/shop\/"},{"@type":"ListItem","position":2,"name":"Obchod","item":"https:\/\/www.home-horeca.cz\/shop\/obchod\/"},{"@type":"ListItem","position":3,"name":"Koupelnov\u00e1 p\u0159edlo\u017eka 50 x 70 cm, 714 g\/m2"}]},{"@type":"WebSite","@id":"https:\/\/www.home-horeca.cz\/shop\/#website","url":"https:\/\/www.home-horeca.cz\/shop\/","name":"Home&amp;Horeca - elektronick\u00fd obchod s postel\u00ed a textilem","description":"H&amp;H nab\u00edz\u00ed sv\u00fdm klient\u016fm v\u00edce ne\u017e 13 let zku\u0161enost\u00ed ve sv\u011bt\u011b kvalitn\u00edch postel\u00ed, matrac\u00ed i l\u016f\u017ekovin. Aktivn\u011b se \u00fa\u010dastn\u00ed mezin\u00e1rodn\u00edch projekt\u016f, pracuje bez zprost\u0159edkovatel\u016f, a p\u0159edev\u0161\u00edm dr\u017e\u00ed krok s nejnov\u011bj\u0161\u00edm v\u00fdvojem v oblasti v\u00fdroby, technologie a designu. Vstupte s n\u00e1mi do sv\u011bta funk\u010dn\u00edch a kvalitn\u00edch interi\u00e9r\u016f!","potentialAction":[{"@type":"SearchAction","target":{"@type":"EntryPoint","urlTemplate":"https:\/\/www.home-horeca.cz\/shop\/?s={search_term_string}"},"query-input":"required name=search_term_string"}],"inLanguage":"cs"}]}},"_links":{"self":[{"href":"https:\/\/www.home-horeca.cz\/shop\/wp-json\/wp\/v2\/product\/4326"}],"collection":[{"href":"https:\/\/www.home-horeca.cz\/shop\/wp-json\/wp\/v2\/product"}],"about":[{"href":"https:\/\/www.home-horeca.cz\/shop\/wp-json\/wp\/v2\/types\/product"}],"wp:featuredmedia":[{"embeddable":true,"href":"https:\/\/www.home-horeca.cz\/shop\/wp-json\/wp\/v2\/media\/4868"}],"wp:attachment":[{"href":"https:\/\/www.home-horeca.cz\/shop\/wp-json\/wp\/v2\/media?parent=4326"}],"curies":[{"name":"wp","href":"https:\/\/api.w.org\/{rel}","templated":true}]}}