{"id":9278,"date":"2020-05-21T17:44:36","date_gmt":"2020-05-21T15:44:36","guid":{"rendered":"https:\/\/www.home-horeca.cz\/shop\/?page_id=9278"},"modified":"2022-06-14T15:21:38","modified_gmt":"2022-06-14T13:21:38","slug":"doprava-a-platby","status":"publish","type":"page","link":"https:\/\/www.home-horeca.cz\/shop\/doprava-a-platby\/","title":{"rendered":"Doprava a platby"},"content":{"rendered":"<div class=\"row\" style=\"max-width:1024px\" id=\"row-415662749\">\n\n\t<div id=\"col-1213367301\" class=\"col small-12 large-12\"  >\n\t\t\t\t<div class=\"col-inner\"  >\n\t\t\t\n\t\t\t\n<h1>Doprava a platby<\/h1>\n<h2>1. Platby<\/h2>\n<p>1.1. Provozovatel nab\u00edz\u00ed na v\u00fdb\u011br z t\u011bchto zp\u016fsob\u016f platby: bankovn\u00edm p\u0159evodem po dokon\u010den\u00ed objedn\u00e1vky, na dob\u00edrku a\u017e p\u0159i p\u0159evzet\u00ed od p\u0159epravce, v hotovosti p\u0159i osobn\u00edm odb\u011bru na v\u00fddejn\u00edm m\u00edst\u011b provozovatele a platebn\u00ed kartou on-line. T\u00edm nen\u00ed dot\u010deno pr\u00e1vo provozovatele po\u017eadovat po konkr\u00e9tn\u00edm kupuj\u00edc\u00edm v od\u016fvodn\u011bn\u00fdch p\u0159\u00edpadech platbu p\u0159edem a umo\u017enit takov\u00e9mu kupuj\u00edc\u00edmu platbu pouze t\u00edmto zp\u016fsobem.<\/p>\n<p>1.1. P\u0159i volb\u011b platby platebn\u00ed kartou po internetu bude kupuj\u00edc\u00ed po dokon\u010den\u00ed objedn\u00e1vky p\u0159esm\u011brov\u00e1n na platebn\u00ed server t\u0159et\u00ed strany, kde vypln\u00ed pot\u0159ebn\u00e9 platebn\u00ed \u00fadaje. Po ov\u011b\u0159en\u00ed jejich platnosti bude objedn\u00e1vka potvrzena a kupn\u00ed cena ode\u010dtena z \u00fa\u010dtu kupuj\u00edc\u00edho. Poskytovatele platebn\u00ed br\u00e1ny (platebn\u00edho serveru) je spole\u010dnosti \/\/\/\/\/<\/p>\n<p>2.5.3. P\u0159i volb\u011b platby bankovn\u00edm p\u0159evodem uhrad\u00ed kupuj\u00edc\u00ed cenu objedn\u00e1vky p\u0159ed jej\u00edm vy\u0159\u00edzen\u00edm na bankovn\u00ed \u00fa\u010det prod\u00e1vaj\u00edc\u00edho, tj. zbo\u017e\u00ed bude odesl\u00e1no kupuj\u00edc\u00edmu a\u017e po p\u0159ips\u00e1n\u00ed kupn\u00ed ceny na \u00fa\u010det prod\u00e1vaj\u00edc\u00edho. Pro vy\u0159\u00edzen\u00ed objedn\u00e1vky je t\u0159eba uhradit platbu pod variabiln\u00edm symbolem, kter\u00fdm je \u010d\u00edslo objedn\u00e1vky a kter\u00fd kupuj\u00edc\u00ed z\u00edsk\u00e1 p\u0159i dokon\u010den\u00ed objedn\u00e1vky. V p\u0159\u00edpad\u011b platby za zbo\u017e\u00ed formou bankovn\u00edho p\u0159evodu se pova\u017euje kupn\u00ed cena za uhrazenou dnem, kdy do\u0161lo k p\u0159ips\u00e1n\u00ed p\u0159\u00edslu\u0161n\u00e9 \u010d\u00e1stky na \u00fa\u010det prod\u00e1vaj\u00edc\u00edho. \u010c\u00edslo \u00fa\u010dtu (POUZE CZK):5846720389\/0800.<\/p>\n<p>2.5.4 V p\u0159\u00edpad\u011b platby na dob\u00edrku p\u0159i p\u0159evzet\u00ed zbo\u017e\u00ed od p\u0159epravce si provozovatel vyhrazuje pr\u00e1vo p\u0159ipo\u010d\u00edst n\u00e1klady za vybaven\u00ed dob\u00edrky k cen\u011b objedn\u00e1vky dle aktu\u00e1ln\u00edho cen\u00edku p\u0159epravce, a to je 30 K\u010d. Objedn\u00e1vku m\u016f\u017eete zaplatit p\u0159i p\u0159evzet\u00ed bal\u00ed\u010dku od na3e spole4nosti, Z\u00e1silkovny, PPL nebo \u010cesk\u00e9 po\u0161ty.<\/p>\n<p>2.5.5. Ve\u0161ker\u00e9 zm\u011bny v\u010detn\u011b zm\u011bn cen v internetov\u00e9m obchod\u011b jsou vyhrazeny. Cena je platn\u00e1 v dob\u011b objedn\u00e1n\u00ed.<\/p>\n<p>2.5.6. Ceny nab\u00edzen\u00e9ho zbo\u017e\u00ed a slu\u017eeb jsou uvedeny v\u010detn\u011b DPH, pokud nen\u00ed u ceny v\u00fdslovn\u011b uvedeno, \u017ee cena je uvedena bez DPH.<\/p>\n<p>2.5.7. Podle z\u00e1kona o evidenci tr\u017eeb je prod\u00e1vaj\u00edc\u00ed povinen vystavit kupuj\u00edc\u00edmu \u00fa\u010dtenku. Z\u00e1rove\u0148 je povinen zaevidovat p\u0159ijatou tr\u017ebu u spr\u00e1vce dan\u011b online; v p\u0159\u00edpad\u011b technick\u00e9ho v\u00fdpadku pak nejpozd\u011bji do 48 hodin.<\/p>\n<p>2.5.8. Kupuj\u00edc\u00ed souhlas\u00ed s vystaven\u00edm \u00fa\u010dtenky v elektronick\u00e9 podob\u011b.<\/p>\n<h2>2. Doprava<\/h2>\n<p>3.2.1. Kupuj\u00edc\u00ed nab\u00fdv\u00e1 vlastnick\u00e9 pr\u00e1vo ke kupovan\u00e9mu zbo\u017e\u00ed jeho p\u0159evzet\u00edm. Okam\u017eikem p\u0159evzet\u00ed zbo\u017e\u00ed tak\u00e9 na kupuj\u00edc\u00edho p\u0159ech\u00e1z\u00ed nebezpe\u010d\u00ed \u0161kody na zbo\u017e\u00ed.<\/p>\n<p>3.2.2. Sou\u010d\u00e1st\u00ed dod\u00e1vky je doklad o zakoupen\u00ed zbo\u017e\u00ed, kter\u00fd uv\u00e1d\u00ed datum prodeje, ozna\u010den\u00ed zbo\u017e\u00ed, kupn\u00ed cenu a \u00fadaje o prod\u00e1vaj\u00edc\u00edm. Prod\u00e1vaj\u00edc\u00ed za\u0161le kupuj\u00edc\u00edmu na \u017e\u00e1dost da\u0148ov\u00fd doklad v elektronick\u00e9 podob\u011b.<\/p>\n<p>3.2.3. P\u0159i p\u0159evzet\u00ed zbo\u017e\u00ed od p\u0159epravce je kupuj\u00edc\u00ed povinen zkontrolovat neporu\u0161enost obal\u016f zbo\u017e\u00ed a v p\u0159\u00edpad\u011b jak\u00fdchkoliv z\u00e1vad toto neprodlen\u011b ozn\u00e1mit p\u0159epravci. V p\u0159\u00edpad\u011b shled\u00e1n\u00ed poru\u0161en\u00ed obalu sv\u011bd\u010d\u00edc\u00edho o neopr\u00e1vn\u011bn\u00e9m vniknut\u00ed do z\u00e1silky se doporu\u010duje kupuj\u00edc\u00edmu z\u00e1silku od p\u0159epravce nep\u0159evz\u00edt a vyplnit z\u00e1znam o po\u0161kozen\u00ed z\u00e1silky. Podpisem dodac\u00edho listu kupuj\u00edc\u00ed stvrzuje, \u017ee obal z\u00e1silky obsahuj\u00edc\u00ed zbo\u017e\u00ed byl neporu\u0161en.<\/p>\n<p>3.2.4. Reklamace mechanick\u00e9ho po\u0161kozen\u00ed zbo\u017e\u00ed, neodpov\u00eddaj\u00edc\u00edho zbo\u017e\u00ed apod., kter\u00e9 nebyly patrn\u00e9 p\u0159i p\u0159evzet\u00ed z\u00e1silky od p\u0159epravce, je kupuj\u00edc\u00ed povinen uplatnit neprodlen\u011b po jejich odhalen\u00ed. Provozovatel neru\u010d\u00ed za po\u0161kozen\u00ed zbo\u017e\u00ed vznikl\u00e9 p\u0159i jeho p\u0159eprav\u011b, pokud kupuj\u00edc\u00ed neprodlen\u011b toto po\u0161kozen\u00ed neuplatn\u00ed v souladu s odst. 3.2.3. a 3.2.4. t\u011bchto obchodn\u00edch podm\u00ednek.<\/p>\n<p>3.2.5. V p\u0159\u00edpad\u011b, \u017ee je z d\u016fvod\u016f na stran\u011b kupuj\u00edc\u00edho nutno zbo\u017e\u00ed doru\u010dovat opakovan\u011b nebo jin\u00fdm zp\u016fsobem, ne\u017e bylo uvedeno v objedn\u00e1vce, je kupuj\u00edc\u00ed povinen uhradit n\u00e1klady spojen\u00e9 s opakovan\u00fdm doru\u010dov\u00e1n\u00edm zbo\u017e\u00ed, resp. n\u00e1klady spojen\u00e9 s jin\u00fdm zp\u016fsobem doru\u010den\u00ed.<\/p>\n<p>3.2.6. Pokud si kupuj\u00edc\u00ed nevyzvedne j\u00edm d\u0159\u00edve objednan\u00e9 zbo\u017e\u00ed, provozovatel nen\u00ed povinen mu jak\u00e9koli j\u00edm nov\u011b objedn\u00e1van\u00e9 doposud neuhrazen\u00e9 zbo\u017e\u00ed zaslat nebo m\u016f\u017ee po\u017eadovat platbu p\u0159edem.<\/p>\n<p>3.2.7. Provozovatel si vyhrazuje pr\u00e1vo uplatnit n\u00e1klady spojen\u00e9 s dopravou zbo\u017e\u00ed ve v\u00fd\u0161i nep\u0159esahuj\u00edc\u00ed 50 K\u010d v p\u0159\u00edpad\u011b dod\u00e1n\u00ed zbo\u017e\u00ed na v\u00fddejnu a\/nebo 50 000 K\u010d p\u0159i jin\u00e9m zp\u016fsobu dod\u00e1n\u00ed.<\/p>\n<p>3.2.8. Pokud si kupuj\u00edc\u00ed v jednom kalend\u00e1\u0159n\u00edm dni objedn\u00e1 (prost\u0159ednictv\u00edm jedn\u00e9 \u010di v\u00edce objedn\u00e1vek) celkem v\u00edce ne\u017e 4 kusy zbo\u017e\u00ed m\u016f\u017ee prod\u00e1vaj\u00edc\u00ed po\u017eadovat \u00fahradu zbo\u017e\u00ed p\u0159edem jako jedinou mo\u017enost \u00fahrady. Tuto mo\u017enost si provozovatel vyhrazuje, v rozsahu umo\u017en\u011bn\u00e9m z\u00e1konem, i v p\u0159\u00edpad\u011b opakovan\u00e9ho neod\u016fvodn\u011bn\u00e9ho vracen\u00ed zjevn\u011b pou\u017e\u00edvan\u00e9ho zbo\u017e\u00ed ze strany t\u00e9ho\u017e kupuj\u00edc\u00edho a\/nebo opakovan\u00e9ho bezd\u016fvodn\u00e9ho nep\u0159evzet\u00ed objednan\u00e9ho zbo\u017e\u00ed.<\/p>\n<p>3.2.9. Provozovatel nab\u00edz\u00ed na v\u00fdb\u011br z t\u011bchto zp\u016fsob\u016f dopravy: p\u0159evzet\u00ed v provozovn\u011b provozovatele, doprava p\u0159es Z\u00e1silkovnu, \u010ceskou po\u0161tu, PPL nebo dle dohody provozovatel zajist\u00ed dopravu vlastn\u00ed re\u017ei\u00ed. T\u00edm nen\u00ed dot\u010deno pr\u00e1vo provozovatele po\u017eadovat po konkr\u00e9tn\u00edm kupuj\u00edc\u00edm v od\u016fvodn\u011bn\u00fdch p\u0159\u00edpadech zaplatit dopravn\u00e9 p\u0159edem a umo\u017enit takov\u00e9mu kupuj\u00edc\u00edmu platbu pouze t\u00edmto zp\u016fsobem.<\/p>\n\t\t<\/div>\n\t\t\t\t\n<style>\n#col-1213367301 > .col-inner {\n  padding: 50px 0px 50px 0px;\n}\n<\/style>\n\t<\/div>\n\n\t\n<\/div>\n","protected":false},"excerpt":{"rendered":"","protected":false},"author":2,"featured_media":0,"parent":0,"menu_order":0,"comment_status":"closed","ping_status":"closed","template":"page-blank.php","meta":[],"yoast_head":"<!-- This site is optimized with the Yoast SEO plugin v19.11 - https:\/\/yoast.com\/wordpress\/plugins\/seo\/ -->\n<title>Doprava a platby - Home&amp;Horeca - elektronick\u00fd obchod s postel\u00ed a textilem<\/title>\n<meta name=\"robots\" content=\"index, follow, max-snippet:-1, max-image-preview:large, max-video-preview:-1\" \/>\n<link rel=\"canonical\" href=\"https:\/\/www.home-horeca.cz\/shop\/doprava-a-platby\/\" \/>\n<meta property=\"og:locale\" content=\"cs_CZ\" \/>\n<meta property=\"og:type\" content=\"article\" \/>\n<meta property=\"og:title\" content=\"Doprava a platby - Home&amp;Horeca - elektronick\u00fd obchod s postel\u00ed a textilem\" \/>\n<meta property=\"og:url\" content=\"https:\/\/www.home-horeca.cz\/shop\/doprava-a-platby\/\" \/>\n<meta property=\"og:site_name\" content=\"Home&amp;Horeca - elektronick\u00fd obchod s postel\u00ed a textilem\" \/>\n<meta property=\"article:modified_time\" content=\"2022-06-14T13:21:38+00:00\" \/>\n<meta name=\"twitter:card\" content=\"summary_large_image\" \/>\n<meta name=\"twitter:label1\" content=\"Odhadovan\u00e1 doba \u010dten\u00ed\" \/>\n\t<meta name=\"twitter:data1\" content=\"4 minuty\" \/>\n<script type=\"application\/ld+json\" class=\"yoast-schema-graph\">{\"@context\":\"https:\/\/schema.org\",\"@graph\":[{\"@type\":\"WebPage\",\"@id\":\"https:\/\/www.home-horeca.cz\/shop\/doprava-a-platby\/\",\"url\":\"https:\/\/www.home-horeca.cz\/shop\/doprava-a-platby\/\",\"name\":\"Doprava a platby - Home&amp;Horeca - elektronick\u00fd obchod s postel\u00ed a textilem\",\"isPartOf\":{\"@id\":\"https:\/\/www.home-horeca.cz\/shop\/#website\"},\"datePublished\":\"2020-05-21T15:44:36+00:00\",\"dateModified\":\"2022-06-14T13:21:38+00:00\",\"breadcrumb\":{\"@id\":\"https:\/\/www.home-horeca.cz\/shop\/doprava-a-platby\/#breadcrumb\"},\"inLanguage\":\"cs\",\"potentialAction\":[{\"@type\":\"ReadAction\",\"target\":[\"https:\/\/www.home-horeca.cz\/shop\/doprava-a-platby\/\"]}]},{\"@type\":\"BreadcrumbList\",\"@id\":\"https:\/\/www.home-horeca.cz\/shop\/doprava-a-platby\/#breadcrumb\",\"itemListElement\":[{\"@type\":\"ListItem\",\"position\":1,\"name\":\"Dom\u016f\",\"item\":\"https:\/\/www.home-horeca.cz\/shop\/\"},{\"@type\":\"ListItem\",\"position\":2,\"name\":\"Doprava a platby\"}]},{\"@type\":\"WebSite\",\"@id\":\"https:\/\/www.home-horeca.cz\/shop\/#website\",\"url\":\"https:\/\/www.home-horeca.cz\/shop\/\",\"name\":\"Home&amp;Horeca - elektronick\u00fd obchod s postel\u00ed a textilem\",\"description\":\"H&amp;H nab\u00edz\u00ed sv\u00fdm klient\u016fm v\u00edce ne\u017e 13 let zku\u0161enost\u00ed ve sv\u011bt\u011b kvalitn\u00edch postel\u00ed, matrac\u00ed i l\u016f\u017ekovin. Aktivn\u011b se \u00fa\u010dastn\u00ed mezin\u00e1rodn\u00edch projekt\u016f, pracuje bez zprost\u0159edkovatel\u016f, a p\u0159edev\u0161\u00edm dr\u017e\u00ed krok s nejnov\u011bj\u0161\u00edm v\u00fdvojem v oblasti v\u00fdroby, technologie a designu. Vstupte s n\u00e1mi do sv\u011bta funk\u010dn\u00edch a kvalitn\u00edch interi\u00e9r\u016f!\",\"potentialAction\":[{\"@type\":\"SearchAction\",\"target\":{\"@type\":\"EntryPoint\",\"urlTemplate\":\"https:\/\/www.home-horeca.cz\/shop\/?s={search_term_string}\"},\"query-input\":\"required name=search_term_string\"}],\"inLanguage\":\"cs\"}]}<\/script>\n<!-- \/ Yoast SEO plugin. -->","yoast_head_json":{"title":"Doprava a platby - Home&amp;Horeca - elektronick\u00fd obchod s postel\u00ed a textilem","robots":{"index":"index","follow":"follow","max-snippet":"max-snippet:-1","max-image-preview":"max-image-preview:large","max-video-preview":"max-video-preview:-1"},"canonical":"https:\/\/www.home-horeca.cz\/shop\/doprava-a-platby\/","og_locale":"cs_CZ","og_type":"article","og_title":"Doprava a platby - Home&amp;Horeca - elektronick\u00fd obchod s postel\u00ed a textilem","og_url":"https:\/\/www.home-horeca.cz\/shop\/doprava-a-platby\/","og_site_name":"Home&amp;Horeca - elektronick\u00fd obchod s postel\u00ed a textilem","article_modified_time":"2022-06-14T13:21:38+00:00","twitter_card":"summary_large_image","twitter_misc":{"Odhadovan\u00e1 doba \u010dten\u00ed":"4 minuty"},"schema":{"@context":"https:\/\/schema.org","@graph":[{"@type":"WebPage","@id":"https:\/\/www.home-horeca.cz\/shop\/doprava-a-platby\/","url":"https:\/\/www.home-horeca.cz\/shop\/doprava-a-platby\/","name":"Doprava a platby - Home&amp;Horeca - elektronick\u00fd obchod s postel\u00ed a textilem","isPartOf":{"@id":"https:\/\/www.home-horeca.cz\/shop\/#website"},"datePublished":"2020-05-21T15:44:36+00:00","dateModified":"2022-06-14T13:21:38+00:00","breadcrumb":{"@id":"https:\/\/www.home-horeca.cz\/shop\/doprava-a-platby\/#breadcrumb"},"inLanguage":"cs","potentialAction":[{"@type":"ReadAction","target":["https:\/\/www.home-horeca.cz\/shop\/doprava-a-platby\/"]}]},{"@type":"BreadcrumbList","@id":"https:\/\/www.home-horeca.cz\/shop\/doprava-a-platby\/#breadcrumb","itemListElement":[{"@type":"ListItem","position":1,"name":"Dom\u016f","item":"https:\/\/www.home-horeca.cz\/shop\/"},{"@type":"ListItem","position":2,"name":"Doprava a platby"}]},{"@type":"WebSite","@id":"https:\/\/www.home-horeca.cz\/shop\/#website","url":"https:\/\/www.home-horeca.cz\/shop\/","name":"Home&amp;Horeca - elektronick\u00fd obchod s postel\u00ed a textilem","description":"H&amp;H nab\u00edz\u00ed sv\u00fdm klient\u016fm v\u00edce ne\u017e 13 let zku\u0161enost\u00ed ve sv\u011bt\u011b kvalitn\u00edch postel\u00ed, matrac\u00ed i l\u016f\u017ekovin. Aktivn\u011b se \u00fa\u010dastn\u00ed mezin\u00e1rodn\u00edch projekt\u016f, pracuje bez zprost\u0159edkovatel\u016f, a p\u0159edev\u0161\u00edm dr\u017e\u00ed krok s nejnov\u011bj\u0161\u00edm v\u00fdvojem v oblasti v\u00fdroby, technologie a designu. Vstupte s n\u00e1mi do sv\u011bta funk\u010dn\u00edch a kvalitn\u00edch interi\u00e9r\u016f!","potentialAction":[{"@type":"SearchAction","target":{"@type":"EntryPoint","urlTemplate":"https:\/\/www.home-horeca.cz\/shop\/?s={search_term_string}"},"query-input":"required name=search_term_string"}],"inLanguage":"cs"}]}},"_links":{"self":[{"href":"https:\/\/www.home-horeca.cz\/shop\/wp-json\/wp\/v2\/pages\/9278"}],"collection":[{"href":"https:\/\/www.home-horeca.cz\/shop\/wp-json\/wp\/v2\/pages"}],"about":[{"href":"https:\/\/www.home-horeca.cz\/shop\/wp-json\/wp\/v2\/types\/page"}],"author":[{"embeddable":true,"href":"https:\/\/www.home-horeca.cz\/shop\/wp-json\/wp\/v2\/users\/2"}],"replies":[{"embeddable":true,"href":"https:\/\/www.home-horeca.cz\/shop\/wp-json\/wp\/v2\/comments?post=9278"}],"version-history":[{"count":7,"href":"https:\/\/www.home-horeca.cz\/shop\/wp-json\/wp\/v2\/pages\/9278\/revisions"}],"predecessor-version":[{"id":10808,"href":"https:\/\/www.home-horeca.cz\/shop\/wp-json\/wp\/v2\/pages\/9278\/revisions\/10808"}],"wp:attachment":[{"href":"https:\/\/www.home-horeca.cz\/shop\/wp-json\/wp\/v2\/media?parent=9278"}],"curies":[{"name":"wp","href":"https:\/\/api.w.org\/{rel}","templated":true}]}}