{"id":856,"date":"2017-07-31T14:52:25","date_gmt":"2017-07-31T12:52:25","guid":{"rendered":"https:\/\/www.home-horeca.cz\/shop\/checkout-2\/"},"modified":"2018-01-29T03:02:01","modified_gmt":"2018-01-29T01:02:01","slug":"kosik","status":"publish","type":"page","link":"https:\/\/www.home-horeca.cz\/shop\/kosik\/","title":{"rendered":"Ko\u0161ik"},"content":{"rendered":"\n","protected":false},"excerpt":{"rendered":"","protected":false},"author":2,"featured_media":0,"parent":0,"menu_order":0,"comment_status":"closed","ping_status":"closed","template":"page-cart.php","meta":[],"yoast_head":"<!-- This site is optimized with the Yoast SEO plugin v19.11 - https:\/\/yoast.com\/wordpress\/plugins\/seo\/ -->\n<title>Ko\u0161ik - Home&amp;Horeca - elektronick\u00fd obchod s postel\u00ed a textilem<\/title>\n<meta name=\"robots\" content=\"index, follow, max-snippet:-1, max-image-preview:large, max-video-preview:-1\" \/>\n<link rel=\"canonical\" href=\"https:\/\/www.home-horeca.cz\/shop\/kosik\/\" \/>\n<meta property=\"og:locale\" content=\"cs_CZ\" \/>\n<meta property=\"og:type\" content=\"article\" \/>\n<meta property=\"og:title\" content=\"Ko\u0161ik - Home&amp;Horeca - elektronick\u00fd obchod s postel\u00ed a textilem\" \/>\n<meta property=\"og:url\" content=\"https:\/\/www.home-horeca.cz\/shop\/kosik\/\" \/>\n<meta property=\"og:site_name\" content=\"Home&amp;Horeca - elektronick\u00fd obchod s postel\u00ed a textilem\" \/>\n<meta property=\"article:modified_time\" content=\"2018-01-29T01:02:01+00:00\" \/>\n<meta name=\"twitter:card\" content=\"summary_large_image\" \/>\n<script type=\"application\/ld+json\" class=\"yoast-schema-graph\">{\"@context\":\"https:\/\/schema.org\",\"@graph\":[{\"@type\":\"WebPage\",\"@id\":\"https:\/\/www.home-horeca.cz\/shop\/kosik\/\",\"url\":\"https:\/\/www.home-horeca.cz\/shop\/kosik\/\",\"name\":\"Ko\u0161ik - Home&amp;Horeca - elektronick\u00fd obchod s postel\u00ed a textilem\",\"isPartOf\":{\"@id\":\"https:\/\/www.home-horeca.cz\/shop\/#website\"},\"datePublished\":\"2017-07-31T12:52:25+00:00\",\"dateModified\":\"2018-01-29T01:02:01+00:00\",\"breadcrumb\":{\"@id\":\"https:\/\/www.home-horeca.cz\/shop\/kosik\/#breadcrumb\"},\"inLanguage\":\"cs\",\"potentialAction\":[{\"@type\":\"ReadAction\",\"target\":[\"https:\/\/www.home-horeca.cz\/shop\/kosik\/\"]}]},{\"@type\":\"BreadcrumbList\",\"@id\":\"https:\/\/www.home-horeca.cz\/shop\/kosik\/#breadcrumb\",\"itemListElement\":[{\"@type\":\"ListItem\",\"position\":1,\"name\":\"Dom\u016f\",\"item\":\"https:\/\/www.home-horeca.cz\/shop\/\"},{\"@type\":\"ListItem\",\"position\":2,\"name\":\"Ko\u0161ik\"}]},{\"@type\":\"WebSite\",\"@id\":\"https:\/\/www.home-horeca.cz\/shop\/#website\",\"url\":\"https:\/\/www.home-horeca.cz\/shop\/\",\"name\":\"Home&amp;Horeca - elektronick\u00fd obchod s postel\u00ed a textilem\",\"description\":\"H&amp;H nab\u00edz\u00ed sv\u00fdm klient\u016fm v\u00edce ne\u017e 13 let zku\u0161enost\u00ed ve sv\u011bt\u011b kvalitn\u00edch postel\u00ed, matrac\u00ed i l\u016f\u017ekovin. Aktivn\u011b se \u00fa\u010dastn\u00ed mezin\u00e1rodn\u00edch projekt\u016f, pracuje bez zprost\u0159edkovatel\u016f, a p\u0159edev\u0161\u00edm dr\u017e\u00ed krok s nejnov\u011bj\u0161\u00edm v\u00fdvojem v oblasti v\u00fdroby, technologie a designu. Vstupte s n\u00e1mi do sv\u011bta funk\u010dn\u00edch a kvalitn\u00edch interi\u00e9r\u016f!\",\"potentialAction\":[{\"@type\":\"SearchAction\",\"target\":{\"@type\":\"EntryPoint\",\"urlTemplate\":\"https:\/\/www.home-horeca.cz\/shop\/?s={search_term_string}\"},\"query-input\":\"required name=search_term_string\"}],\"inLanguage\":\"cs\"}]}<\/script>\n<!-- \/ Yoast SEO plugin. -->","yoast_head_json":{"title":"Ko\u0161ik - Home&amp;Horeca - elektronick\u00fd obchod s postel\u00ed a textilem","robots":{"index":"index","follow":"follow","max-snippet":"max-snippet:-1","max-image-preview":"max-image-preview:large","max-video-preview":"max-video-preview:-1"},"canonical":"https:\/\/www.home-horeca.cz\/shop\/kosik\/","og_locale":"cs_CZ","og_type":"article","og_title":"Ko\u0161ik - Home&amp;Horeca - elektronick\u00fd obchod s postel\u00ed a textilem","og_url":"https:\/\/www.home-horeca.cz\/shop\/kosik\/","og_site_name":"Home&amp;Horeca - elektronick\u00fd obchod s postel\u00ed a textilem","article_modified_time":"2018-01-29T01:02:01+00:00","twitter_card":"summary_large_image","schema":{"@context":"https:\/\/schema.org","@graph":[{"@type":"WebPage","@id":"https:\/\/www.home-horeca.cz\/shop\/kosik\/","url":"https:\/\/www.home-horeca.cz\/shop\/kosik\/","name":"Ko\u0161ik - Home&amp;Horeca - elektronick\u00fd obchod s postel\u00ed a textilem","isPartOf":{"@id":"https:\/\/www.home-horeca.cz\/shop\/#website"},"datePublished":"2017-07-31T12:52:25+00:00","dateModified":"2018-01-29T01:02:01+00:00","breadcrumb":{"@id":"https:\/\/www.home-horeca.cz\/shop\/kosik\/#breadcrumb"},"inLanguage":"cs","potentialAction":[{"@type":"ReadAction","target":["https:\/\/www.home-horeca.cz\/shop\/kosik\/"]}]},{"@type":"BreadcrumbList","@id":"https:\/\/www.home-horeca.cz\/shop\/kosik\/#breadcrumb","itemListElement":[{"@type":"ListItem","position":1,"name":"Dom\u016f","item":"https:\/\/www.home-horeca.cz\/shop\/"},{"@type":"ListItem","position":2,"name":"Ko\u0161ik"}]},{"@type":"WebSite","@id":"https:\/\/www.home-horeca.cz\/shop\/#website","url":"https:\/\/www.home-horeca.cz\/shop\/","name":"Home&amp;Horeca - elektronick\u00fd obchod s postel\u00ed a textilem","description":"H&amp;H nab\u00edz\u00ed sv\u00fdm klient\u016fm v\u00edce ne\u017e 13 let zku\u0161enost\u00ed ve sv\u011bt\u011b kvalitn\u00edch postel\u00ed, matrac\u00ed i l\u016f\u017ekovin. Aktivn\u011b se \u00fa\u010dastn\u00ed mezin\u00e1rodn\u00edch projekt\u016f, pracuje bez zprost\u0159edkovatel\u016f, a p\u0159edev\u0161\u00edm dr\u017e\u00ed krok s nejnov\u011bj\u0161\u00edm v\u00fdvojem v oblasti v\u00fdroby, technologie a designu. Vstupte s n\u00e1mi do sv\u011bta funk\u010dn\u00edch a kvalitn\u00edch interi\u00e9r\u016f!","potentialAction":[{"@type":"SearchAction","target":{"@type":"EntryPoint","urlTemplate":"https:\/\/www.home-horeca.cz\/shop\/?s={search_term_string}"},"query-input":"required name=search_term_string"}],"inLanguage":"cs"}]}},"_links":{"self":[{"href":"https:\/\/www.home-horeca.cz\/shop\/wp-json\/wp\/v2\/pages\/856"}],"collection":[{"href":"https:\/\/www.home-horeca.cz\/shop\/wp-json\/wp\/v2\/pages"}],"about":[{"href":"https:\/\/www.home-horeca.cz\/shop\/wp-json\/wp\/v2\/types\/page"}],"author":[{"embeddable":true,"href":"https:\/\/www.home-horeca.cz\/shop\/wp-json\/wp\/v2\/users\/2"}],"replies":[{"embeddable":true,"href":"https:\/\/www.home-horeca.cz\/shop\/wp-json\/wp\/v2\/comments?post=856"}],"version-history":[{"count":0,"href":"https:\/\/www.home-horeca.cz\/shop\/wp-json\/wp\/v2\/pages\/856\/revisions"}],"wp:attachment":[{"href":"https:\/\/www.home-horeca.cz\/shop\/wp-json\/wp\/v2\/media?parent=856"}],"curies":[{"name":"wp","href":"https:\/\/api.w.org\/{rel}","templated":true}]}}