{"id":3512,"date":"2018-01-16T09:40:20","date_gmt":"2018-01-16T07:40:20","guid":{"rendered":"https:\/\/www.home-horeca.cz\/shop\/?page_id=3512"},"modified":"2018-01-17T07:34:14","modified_gmt":"2018-01-17T05:34:14","slug":"matrace-2","status":"publish","type":"page","link":"https:\/\/www.home-horeca.cz\/shop\/matrace-2\/","title":{"rendered":"Matrace"},"content":{"rendered":"<div class=\"row row-collapse row-full-width\"  id=\"row-1172587822\">\n\n\t<div id=\"col-1031722194\" class=\"col small-12 large-12\"  >\n\t\t\t\t<div class=\"col-inner\"  >\n\t\t\t\n\t\t\t\n\n  <div class=\"banner has-hover bg-zoom\" id=\"banner-2086713286\">\n          <div class=\"banner-inner fill\">\n        <div class=\"banner-bg fill\" >\n            <div class=\"bg fill bg-fill \"><\/div>\n                                    \n                    <\/div>\n        <div class=\"banner-layers container\">\n            <div class=\"fill banner-link\"><\/div>            \n   <div id=\"text-box-66666363\" class=\"text-box banner-layer x50 md-x50 lg-x50 y50 md-y50 lg-y50 res-text\">\n                                <div class=\"text-box-content text dark\">\n              \n              <div class=\"text-inner text-center\">\n                  \n<h1 class=\"uppercase\"><span style=\"font-size: .7em; color: #fff;\">Kvalitn\u00ed hotelov\u00e9 matrace<\/span><\/h1>\n\t<div id=\"gap-1773580265\" class=\"gap-element clearfix\" style=\"display:block; height:auto;\">\n\t\t\n<style>\n#gap-1773580265 {\n  padding-top: 20px;\n}\n<\/style>\n\t<\/div>\n\t\n<a class=\"button primary is-large\"  >\n    <span>Zobrazit nab\u00eddku<\/span>\n  <i class=\"icon-angle-down\" ><\/i><\/a>\n\n              <\/div>\n           <\/div>\n                            \n<style>\n#text-box-66666363 {\n  width: 50%;\n}\n#text-box-66666363 .text-box-content {\n  font-size: 100%;\n}\n<\/style>\n    <\/div>\n \n        <\/div>\n      <\/div>\n\n            \n<style>\n#banner-2086713286 {\n  padding-top: 625px;\n  background-color: rgb(255, 255, 255);\n}\n#banner-2086713286 .bg.bg-loaded {\n  background-image: url(https:\/\/www.home-horeca.cz\/shop\/wp-content\/uploads\/2018\/01\/orgaflex-istikbalgreece3.jpg);\n}\n#banner-2086713286 .bg {\n  background-position: center;\n}\n<\/style>\n  <\/div>\n\n\n\t\t<\/div>\n\t\t\t\t\t<\/div>\n\n\t\n<\/div>\n\t<section class=\"section\" id=\"section_1347763390\">\n\t\t<div class=\"bg section-bg fill bg-fill  bg-loaded\" >\n\n\t\t\t\n\t\t\t\n\t\t\t\n\n\t\t<\/div>\n\n\t\t<div class=\"section-content relative\">\n\t\t\t\n<div class=\"row row-collapse align-middle\" style=\"max-width:1240px\" id=\"row-1442363721\">\n\n\t<div id=\"col-704566580\" class=\"col small-6 large-12\"  >\n\t\t\t\t<div class=\"col-inner\"  >\n\t\t\t\n\t\t\t\n\n  \n    <div class=\"row large-columns-4 medium-columns-3 small-columns-2 row-small\">\n  \t<\/div>\n\t\t<\/div>\n\t\t\t\t\t<\/div>\n\n\t\n<\/div>\n\t\t<\/div>\n\n\t\t\n<style>\n#section_1347763390 {\n  padding-top: 30px;\n  padding-bottom: 30px;\n}\n<\/style>\n\t<\/section>\n\t\n","protected":false},"excerpt":{"rendered":"","protected":false},"author":2,"featured_media":0,"parent":0,"menu_order":0,"comment_status":"closed","ping_status":"closed","template":"page-blank.php","meta":[],"yoast_head":"<!-- This site is optimized with the Yoast SEO plugin v19.11 - https:\/\/yoast.com\/wordpress\/plugins\/seo\/ -->\n<title>Matrace - Home&amp;Horeca - elektronick\u00fd obchod s postel\u00ed a textilem<\/title>\n<meta name=\"robots\" content=\"index, follow, max-snippet:-1, max-image-preview:large, max-video-preview:-1\" \/>\n<link rel=\"canonical\" href=\"https:\/\/www.home-horeca.cz\/shop\/matrace-2\/\" \/>\n<meta property=\"og:locale\" content=\"cs_CZ\" \/>\n<meta property=\"og:type\" content=\"article\" \/>\n<meta property=\"og:title\" content=\"Matrace - Home&amp;Horeca - elektronick\u00fd obchod s postel\u00ed a textilem\" \/>\n<meta property=\"og:url\" content=\"https:\/\/www.home-horeca.cz\/shop\/matrace-2\/\" \/>\n<meta property=\"og:site_name\" content=\"Home&amp;Horeca - elektronick\u00fd obchod s postel\u00ed a textilem\" \/>\n<meta property=\"article:modified_time\" content=\"2018-01-17T05:34:14+00:00\" \/>\n<meta name=\"twitter:card\" content=\"summary_large_image\" \/>\n<script type=\"application\/ld+json\" class=\"yoast-schema-graph\">{\"@context\":\"https:\/\/schema.org\",\"@graph\":[{\"@type\":\"WebPage\",\"@id\":\"https:\/\/www.home-horeca.cz\/shop\/matrace-2\/\",\"url\":\"https:\/\/www.home-horeca.cz\/shop\/matrace-2\/\",\"name\":\"Matrace - Home&amp;Horeca - elektronick\u00fd obchod s postel\u00ed a textilem\",\"isPartOf\":{\"@id\":\"https:\/\/www.home-horeca.cz\/shop\/#website\"},\"datePublished\":\"2018-01-16T07:40:20+00:00\",\"dateModified\":\"2018-01-17T05:34:14+00:00\",\"breadcrumb\":{\"@id\":\"https:\/\/www.home-horeca.cz\/shop\/matrace-2\/#breadcrumb\"},\"inLanguage\":\"cs\",\"potentialAction\":[{\"@type\":\"ReadAction\",\"target\":[\"https:\/\/www.home-horeca.cz\/shop\/matrace-2\/\"]}]},{\"@type\":\"BreadcrumbList\",\"@id\":\"https:\/\/www.home-horeca.cz\/shop\/matrace-2\/#breadcrumb\",\"itemListElement\":[{\"@type\":\"ListItem\",\"position\":1,\"name\":\"Dom\u016f\",\"item\":\"https:\/\/www.home-horeca.cz\/shop\/\"},{\"@type\":\"ListItem\",\"position\":2,\"name\":\"Matrace\"}]},{\"@type\":\"WebSite\",\"@id\":\"https:\/\/www.home-horeca.cz\/shop\/#website\",\"url\":\"https:\/\/www.home-horeca.cz\/shop\/\",\"name\":\"Home&amp;Horeca - elektronick\u00fd obchod s postel\u00ed a textilem\",\"description\":\"H&amp;H nab\u00edz\u00ed sv\u00fdm klient\u016fm v\u00edce ne\u017e 13 let zku\u0161enost\u00ed ve sv\u011bt\u011b kvalitn\u00edch postel\u00ed, matrac\u00ed i l\u016f\u017ekovin. Aktivn\u011b se \u00fa\u010dastn\u00ed mezin\u00e1rodn\u00edch projekt\u016f, pracuje bez zprost\u0159edkovatel\u016f, a p\u0159edev\u0161\u00edm dr\u017e\u00ed krok s nejnov\u011bj\u0161\u00edm v\u00fdvojem v oblasti v\u00fdroby, technologie a designu. Vstupte s n\u00e1mi do sv\u011bta funk\u010dn\u00edch a kvalitn\u00edch interi\u00e9r\u016f!\",\"potentialAction\":[{\"@type\":\"SearchAction\",\"target\":{\"@type\":\"EntryPoint\",\"urlTemplate\":\"https:\/\/www.home-horeca.cz\/shop\/?s={search_term_string}\"},\"query-input\":\"required name=search_term_string\"}],\"inLanguage\":\"cs\"}]}<\/script>\n<!-- \/ Yoast SEO plugin. -->","yoast_head_json":{"title":"Matrace - Home&amp;Horeca - elektronick\u00fd obchod s postel\u00ed a textilem","robots":{"index":"index","follow":"follow","max-snippet":"max-snippet:-1","max-image-preview":"max-image-preview:large","max-video-preview":"max-video-preview:-1"},"canonical":"https:\/\/www.home-horeca.cz\/shop\/matrace-2\/","og_locale":"cs_CZ","og_type":"article","og_title":"Matrace - Home&amp;Horeca - elektronick\u00fd obchod s postel\u00ed a textilem","og_url":"https:\/\/www.home-horeca.cz\/shop\/matrace-2\/","og_site_name":"Home&amp;Horeca - elektronick\u00fd obchod s postel\u00ed a textilem","article_modified_time":"2018-01-17T05:34:14+00:00","twitter_card":"summary_large_image","schema":{"@context":"https:\/\/schema.org","@graph":[{"@type":"WebPage","@id":"https:\/\/www.home-horeca.cz\/shop\/matrace-2\/","url":"https:\/\/www.home-horeca.cz\/shop\/matrace-2\/","name":"Matrace - Home&amp;Horeca - elektronick\u00fd obchod s postel\u00ed a textilem","isPartOf":{"@id":"https:\/\/www.home-horeca.cz\/shop\/#website"},"datePublished":"2018-01-16T07:40:20+00:00","dateModified":"2018-01-17T05:34:14+00:00","breadcrumb":{"@id":"https:\/\/www.home-horeca.cz\/shop\/matrace-2\/#breadcrumb"},"inLanguage":"cs","potentialAction":[{"@type":"ReadAction","target":["https:\/\/www.home-horeca.cz\/shop\/matrace-2\/"]}]},{"@type":"BreadcrumbList","@id":"https:\/\/www.home-horeca.cz\/shop\/matrace-2\/#breadcrumb","itemListElement":[{"@type":"ListItem","position":1,"name":"Dom\u016f","item":"https:\/\/www.home-horeca.cz\/shop\/"},{"@type":"ListItem","position":2,"name":"Matrace"}]},{"@type":"WebSite","@id":"https:\/\/www.home-horeca.cz\/shop\/#website","url":"https:\/\/www.home-horeca.cz\/shop\/","name":"Home&amp;Horeca - elektronick\u00fd obchod s postel\u00ed a textilem","description":"H&amp;H nab\u00edz\u00ed sv\u00fdm klient\u016fm v\u00edce ne\u017e 13 let zku\u0161enost\u00ed ve sv\u011bt\u011b kvalitn\u00edch postel\u00ed, matrac\u00ed i l\u016f\u017ekovin. Aktivn\u011b se \u00fa\u010dastn\u00ed mezin\u00e1rodn\u00edch projekt\u016f, pracuje bez zprost\u0159edkovatel\u016f, a p\u0159edev\u0161\u00edm dr\u017e\u00ed krok s nejnov\u011bj\u0161\u00edm v\u00fdvojem v oblasti v\u00fdroby, technologie a designu. Vstupte s n\u00e1mi do sv\u011bta funk\u010dn\u00edch a kvalitn\u00edch interi\u00e9r\u016f!","potentialAction":[{"@type":"SearchAction","target":{"@type":"EntryPoint","urlTemplate":"https:\/\/www.home-horeca.cz\/shop\/?s={search_term_string}"},"query-input":"required name=search_term_string"}],"inLanguage":"cs"}]}},"_links":{"self":[{"href":"https:\/\/www.home-horeca.cz\/shop\/wp-json\/wp\/v2\/pages\/3512"}],"collection":[{"href":"https:\/\/www.home-horeca.cz\/shop\/wp-json\/wp\/v2\/pages"}],"about":[{"href":"https:\/\/www.home-horeca.cz\/shop\/wp-json\/wp\/v2\/types\/page"}],"author":[{"embeddable":true,"href":"https:\/\/www.home-horeca.cz\/shop\/wp-json\/wp\/v2\/users\/2"}],"replies":[{"embeddable":true,"href":"https:\/\/www.home-horeca.cz\/shop\/wp-json\/wp\/v2\/comments?post=3512"}],"version-history":[{"count":0,"href":"https:\/\/www.home-horeca.cz\/shop\/wp-json\/wp\/v2\/pages\/3512\/revisions"}],"wp:attachment":[{"href":"https:\/\/www.home-horeca.cz\/shop\/wp-json\/wp\/v2\/media?parent=3512"}],"curies":[{"name":"wp","href":"https:\/\/api.w.org\/{rel}","templated":true}]}}